{"id":523,"date":"2023-03-27T16:09:32","date_gmt":"2023-03-27T14:09:32","guid":{"rendered":"https:\/\/lesheuresheureuses.be\/?page_id=523"},"modified":"2023-05-30T18:08:36","modified_gmt":"2023-05-30T16:08:36","slug":"groupe-de-parole","status":"publish","type":"page","link":"https:\/\/lesheuresheureuses.be\/index.php\/groupe-de-parole\/","title":{"rendered":"Groupe de parole"},"content":{"rendered":"\t\t<div data-elementor-type=\"wp-page\" data-elementor-id=\"523\" class=\"elementor elementor-523\">\n\t\t\t\t\t\t<section class=\"elementor-section elementor-top-section elementor-element elementor-element-e07856f elementor-section-boxed elementor-section-height-default elementor-section-height-default\" data-id=\"e07856f\" data-element_type=\"section\" data-settings=\"{&quot;background_background&quot;:&quot;classic&quot;}\">\n\t\t\t\t\t\t\t<div class=\"elementor-background-overlay\"><\/div>\n\t\t\t\t\t\t\t<div class=\"elementor-container elementor-column-gap-no\">\n\t\t\t\t\t<div class=\"elementor-column elementor-col-100 elementor-top-column elementor-element elementor-element-d3338a7\" data-id=\"d3338a7\" data-element_type=\"column\">\n\t\t\t<div class=\"elementor-widget-wrap elementor-element-populated\">\n\t\t\t\t\t\t<div class=\"elementor-element elementor-element-4e4828f elementor-widget elementor-widget-heading\" data-id=\"4e4828f\" data-element_type=\"widget\" data-widget_type=\"heading.default\">\n\t\t\t\t<div class=\"elementor-widget-container\">\n\t\t\t<h1 class=\"elementor-heading-title elementor-size-default\">Groupe de parole<\/h1>\t\t<\/div>\n\t\t\t\t<\/div>\n\t\t\t\t\t<\/div>\n\t\t<\/div>\n\t\t\t\t\t<\/div>\n\t\t<\/section>\n\t\t\t\t<section class=\"elementor-section elementor-top-section elementor-element elementor-element-5c19999 elementor-section-content-bottom elementor-section-boxed elementor-section-height-default elementor-section-height-default\" data-id=\"5c19999\" data-element_type=\"section\" data-settings=\"{&quot;background_background&quot;:&quot;classic&quot;}\">\n\t\t\t\t\t\t<div class=\"elementor-container elementor-column-gap-no\">\n\t\t\t\t\t<div class=\"elementor-column elementor-col-100 elementor-top-column elementor-element elementor-element-2fedfca\" data-id=\"2fedfca\" data-element_type=\"column\">\n\t\t\t<div class=\"elementor-widget-wrap elementor-element-populated\">\n\t\t\t\t\t\t<div class=\"elementor-element elementor-element-5e457a1 elementor-widget elementor-widget-heading\" data-id=\"5e457a1\" data-element_type=\"widget\" data-widget_type=\"heading.default\">\n\t\t\t\t<div class=\"elementor-widget-container\">\n\t\t\t<h6 class=\"elementor-heading-title elementor-size-default\">Les Heures Heureuses<\/h6>\t\t<\/div>\n\t\t\t\t<\/div>\n\t\t\t\t<div class=\"elementor-element elementor-element-db5b2d4 elementor-widget__width-auto elementor-widget elementor-widget-heading\" data-id=\"db5b2d4\" data-element_type=\"widget\" data-widget_type=\"heading.default\">\n\t\t\t\t<div class=\"elementor-widget-container\">\n\t\t\t<h2 class=\"elementor-heading-title elementor-size-default\">Groupe de paroles \u00ab\u00a0Vie Affective, Relationnelle et Sexuelle\u00a0\u00bb (EVRAS)<\/h2>\t\t<\/div>\n\t\t\t\t<\/div>\n\t\t\t\t<div class=\"elementor-element elementor-element-90fd9f1 elementor-widget__width-auto elementor-widget-divider--view-line elementor-widget elementor-widget-divider\" data-id=\"90fd9f1\" data-element_type=\"widget\" data-widget_type=\"divider.default\">\n\t\t\t\t<div class=\"elementor-widget-container\">\n\t\t\t\t\t<div class=\"elementor-divider\">\n\t\t\t<span class=\"elementor-divider-separator\">\n\t\t\t\t\t\t<\/span>\n\t\t<\/div>\n\t\t\t\t<\/div>\n\t\t\t\t<\/div>\n\t\t\t\t<div class=\"elementor-element elementor-element-7374757 elementor-widget elementor-widget-text-editor\" data-id=\"7374757\" data-element_type=\"widget\" data-widget_type=\"text-editor.default\">\n\t\t\t\t<div class=\"elementor-widget-container\">\n\t\t\t\t\t\t\t<p>L\u2019objectif principal de notre groupe de parole est de fournir une \u00e9ducation, une information, une formation et une pr\u00e9vention rendant possible une vie affective, relationnelle et sexuelle \u00e9panouie. Notre groupe de parole est un lieu d\u2019\u00e9coute, bienveillant, s\u00e9curisant et empathique.<\/p>\t\t\t\t\t\t<\/div>\n\t\t\t\t<\/div>\n\t\t\t\t\t<\/div>\n\t\t<\/div>\n\t\t\t\t\t<\/div>\n\t\t<\/section>\n\t\t\t\t<section class=\"elementor-section elementor-top-section elementor-element elementor-element-0aabcb8 elementor-section-boxed elementor-section-height-default elementor-section-height-default\" data-id=\"0aabcb8\" data-element_type=\"section\">\n\t\t\t\t\t\t<div class=\"elementor-container elementor-column-gap-default\">\n\t\t\t\t\t<div class=\"elementor-column elementor-col-50 elementor-top-column elementor-element elementor-element-81d3ba0\" data-id=\"81d3ba0\" data-element_type=\"column\">\n\t\t\t<div class=\"elementor-widget-wrap elementor-element-populated\">\n\t\t\t\t\t\t<div class=\"elementor-element elementor-element-0b210bc elementor-widget elementor-widget-image\" data-id=\"0b210bc\" data-element_type=\"widget\" data-widget_type=\"image.default\">\n\t\t\t\t<div class=\"elementor-widget-container\">\n\t\t\t\t\t\t\t\t\t\t\t\t\t<img fetchpriority=\"high\" decoding=\"async\" width=\"373\" height=\"280\" src=\"https:\/\/lesheuresheureuses.be\/wp-content\/uploads\/2023\/04\/343379224_491657856409683_648142902667094633_n.jpg\" class=\"attachment-large size-large wp-image-976\" alt=\"\" srcset=\"https:\/\/lesheuresheureuses.be\/wp-content\/uploads\/2023\/04\/343379224_491657856409683_648142902667094633_n.jpg 373w, https:\/\/lesheuresheureuses.be\/wp-content\/uploads\/2023\/04\/343379224_491657856409683_648142902667094633_n-300x225.jpg 300w\" sizes=\"(max-width: 373px) 100vw, 373px\" \/>\t\t\t\t\t\t\t\t\t\t\t\t\t<\/div>\n\t\t\t\t<\/div>\n\t\t\t\t\t<\/div>\n\t\t<\/div>\n\t\t\t\t<div class=\"elementor-column elementor-col-50 elementor-top-column elementor-element elementor-element-c24e915\" data-id=\"c24e915\" data-element_type=\"column\">\n\t\t\t<div class=\"elementor-widget-wrap elementor-element-populated\">\n\t\t\t\t\t\t<div class=\"elementor-element elementor-element-c472d08 elementor-widget__width-auto elementor-widget elementor-widget-heading\" data-id=\"c472d08\" data-element_type=\"widget\" data-widget_type=\"heading.default\">\n\t\t\t\t<div class=\"elementor-widget-container\">\n\t\t\t<h3 class=\"elementor-heading-title elementor-size-default\">Des outils adapt\u00e9s<\/h3>\t\t<\/div>\n\t\t\t\t<\/div>\n\t\t\t\t<div class=\"elementor-element elementor-element-1829c9a elementor-widget__width-auto elementor-widget-divider--view-line elementor-widget elementor-widget-divider\" data-id=\"1829c9a\" data-element_type=\"widget\" data-widget_type=\"divider.default\">\n\t\t\t\t<div class=\"elementor-widget-container\">\n\t\t\t\t\t<div class=\"elementor-divider\">\n\t\t\t<span class=\"elementor-divider-separator\">\n\t\t\t\t\t\t<\/span>\n\t\t<\/div>\n\t\t\t\t<\/div>\n\t\t\t\t<\/div>\n\t\t\t\t<div class=\"elementor-element elementor-element-d34762a elementor-widget elementor-widget-text-editor\" data-id=\"d34762a\" data-element_type=\"widget\" data-widget_type=\"text-editor.default\">\n\t\t\t\t<div class=\"elementor-widget-container\">\n\t\t\t\t\t\t\t<p>A travers diff\u00e9rents outils et supports adapt\u00e9s, nous abordons des notions telles que le consentement, le rapport au corps, l\u2019intimit\u00e9, \u2026<\/p><p>Notre groupe de parole est fond\u00e9 sur une charte sign\u00e9e par chacun des participants. Celle-ci repose sur des valeurs telles que le respect de l\u2019autre, le non jugement, la confidentialit\u00e9, la libert\u00e9 d\u2019expression, l\u2019individualit\u00e9, l\u2019\u00e9galit\u00e9 des sexes, l\u2019acc\u00e8s \u00e0 l\u2019information et \u00e0 l\u2019\u00e9ducation.<\/p>\t\t\t\t\t\t<\/div>\n\t\t\t\t<\/div>\n\t\t\t\t\t<\/div>\n\t\t<\/div>\n\t\t\t\t\t<\/div>\n\t\t<\/section>\n\t\t\t\t<section class=\"elementor-section elementor-top-section elementor-element elementor-element-290a754 elementor-section-full_width elementor-section-height-default elementor-section-height-default\" data-id=\"290a754\" data-element_type=\"section\">\n\t\t\t\t\t\t<div class=\"elementor-container elementor-column-gap-default\">\n\t\t\t\t\t<div class=\"elementor-column elementor-col-100 elementor-top-column elementor-element elementor-element-e70cf71\" data-id=\"e70cf71\" data-element_type=\"column\">\n\t\t\t<div class=\"elementor-widget-wrap elementor-element-populated\">\n\t\t\t\t\t\t<div class=\"elementor-element elementor-element-5d1cc92 elementor-arrows-position-inside elementor-pagination-position-outside elementor-widget elementor-widget-image-carousel\" data-id=\"5d1cc92\" data-element_type=\"widget\" data-settings=\"{&quot;slides_to_show_mobile&quot;:&quot;1&quot;,&quot;navigation&quot;:&quot;both&quot;,&quot;autoplay&quot;:&quot;yes&quot;,&quot;pause_on_hover&quot;:&quot;yes&quot;,&quot;pause_on_interaction&quot;:&quot;yes&quot;,&quot;autoplay_speed&quot;:5000,&quot;infinite&quot;:&quot;yes&quot;,&quot;speed&quot;:500}\" data-widget_type=\"image-carousel.default\">\n\t\t\t\t<div class=\"elementor-widget-container\">\n\t\t\t\t\t<div class=\"elementor-image-carousel-wrapper swiper\" dir=\"ltr\">\n\t\t\t<div class=\"elementor-image-carousel swiper-wrapper\" aria-live=\"off\">\n\t\t\t\t\t\t\t\t<div class=\"swiper-slide\" role=\"group\" aria-roledescription=\"slide\" aria-label=\"1 sur 1\"><figure class=\"swiper-slide-inner\"><img decoding=\"async\" class=\"swiper-slide-image\" src=\"https:\/\/lesheuresheureuses.be\/wp-content\/uploads\/2023\/05\/VAS-rotated.jpg\" alt=\"VAS\" \/><\/figure><\/div>\t\t\t<\/div>\n\t\t\t\t\t<\/div>\n\t\t\t\t<\/div>\n\t\t\t\t<\/div>\n\t\t\t\t\t<\/div>\n\t\t<\/div>\n\t\t\t\t\t<\/div>\n\t\t<\/section>\n\t\t\t\t<\/div>\n\t\t","protected":false},"excerpt":{"rendered":"<p>Groupe de parole Les Heures Heureuses Groupe de paroles \u00ab\u00a0Vie Affective, Relationnelle et Sexuelle\u00a0\u00bb (EVRAS) L\u2019objectif principal de notre groupe de parole est de fournir une \u00e9ducation, une information, une formation et une pr\u00e9vention rendant possible une vie affective, relationnelle et sexuelle \u00e9panouie. Notre groupe de parole est un lieu d\u2019\u00e9coute, bienveillant, s\u00e9curisant et empathique. &hellip;<\/p>\n<p class=\"read-more\"> <a class=\"\" href=\"https:\/\/lesheuresheureuses.be\/index.php\/groupe-de-parole\/\"> <span class=\"screen-reader-text\">Groupe de parole<\/span> Lire la suite\u00a0\u00bb<\/a><\/p>\n","protected":false},"author":2,"featured_media":0,"parent":0,"menu_order":0,"comment_status":"closed","ping_status":"closed","template":"","meta":{"site-sidebar-layout":"no-sidebar","site-content-layout":"page-builder","ast-global-header-display":"","ast-main-header-display":"","ast-hfb-above-header-display":"","ast-hfb-below-header-display":"","ast-hfb-mobile-header-display":"","site-post-title":"disabled","ast-breadcrumbs-content":"disabled","ast-featured-img":"disabled","footer-sml-layout":"","theme-transparent-header-meta":"enabled","adv-header-id-meta":"","stick-header-meta":"","header-above-stick-meta":"","header-main-stick-meta":"","header-below-stick-meta":"","footnotes":""},"class_list":["post-523","page","type-page","status-publish","hentry"],"yoast_head":"<!-- This site is optimized with the Yoast SEO plugin v23.7 - https:\/\/yoast.com\/wordpress\/plugins\/seo\/ -->\n<title>Groupe de parole | Centre d&#039;accueil de jour situ\u00e9 \u00e0 Ath<\/title>\n<meta name=\"description\" content=\"L\u2019objectif principal de notre groupe de parole est de fournir une \u00e9ducation, une information, une formation, ...\" \/>\n<meta name=\"robots\" content=\"index, follow, max-snippet:-1, max-image-preview:large, max-video-preview:-1\" \/>\n<link rel=\"canonical\" href=\"https:\/\/lesheuresheureuses.be\/index.php\/groupe-de-parole\/\" \/>\n<meta property=\"og:locale\" content=\"fr_FR\" \/>\n<meta property=\"og:type\" content=\"article\" \/>\n<meta property=\"og:title\" content=\"Groupe de parole | Centre d&#039;accueil de jour situ\u00e9 \u00e0 Ath\" \/>\n<meta property=\"og:description\" content=\"L\u2019objectif principal de notre groupe de parole est de fournir une \u00e9ducation, une information, une formation, ...\" \/>\n<meta property=\"og:url\" content=\"https:\/\/lesheuresheureuses.be\/index.php\/groupe-de-parole\/\" \/>\n<meta property=\"og:site_name\" content=\"Les heures heureuses\" \/>\n<meta property=\"article:modified_time\" content=\"2023-05-30T16:08:36+00:00\" \/>\n<meta property=\"og:image\" content=\"http:\/\/lesheuresheureuses.be\/wp-content\/uploads\/2023\/04\/343379224_491657856409683_648142902667094633_n.jpg\" \/>\n<meta name=\"twitter:card\" content=\"summary_large_image\" \/>\n<meta name=\"twitter:label1\" content=\"Dur\u00e9e de lecture estim\u00e9e\" \/>\n\t<meta name=\"twitter:data1\" content=\"2 minutes\" \/>\n<script type=\"application\/ld+json\" class=\"yoast-schema-graph\">{\"@context\":\"https:\/\/schema.org\",\"@graph\":[{\"@type\":\"WebPage\",\"@id\":\"https:\/\/lesheuresheureuses.be\/index.php\/groupe-de-parole\/\",\"url\":\"https:\/\/lesheuresheureuses.be\/index.php\/groupe-de-parole\/\",\"name\":\"Groupe de parole | Centre d'accueil de jour situ\u00e9 \u00e0 Ath\",\"isPartOf\":{\"@id\":\"https:\/\/lesheuresheureuses.be\/#website\"},\"primaryImageOfPage\":{\"@id\":\"https:\/\/lesheuresheureuses.be\/index.php\/groupe-de-parole\/#primaryimage\"},\"image\":{\"@id\":\"https:\/\/lesheuresheureuses.be\/index.php\/groupe-de-parole\/#primaryimage\"},\"thumbnailUrl\":\"http:\/\/lesheuresheureuses.be\/wp-content\/uploads\/2023\/04\/343379224_491657856409683_648142902667094633_n.jpg\",\"datePublished\":\"2023-03-27T14:09:32+00:00\",\"dateModified\":\"2023-05-30T16:08:36+00:00\",\"description\":\"L\u2019objectif principal de notre groupe de parole est de fournir une \u00e9ducation, une information, une formation, ...\",\"breadcrumb\":{\"@id\":\"https:\/\/lesheuresheureuses.be\/index.php\/groupe-de-parole\/#breadcrumb\"},\"inLanguage\":\"fr-FR\",\"potentialAction\":[{\"@type\":\"ReadAction\",\"target\":[\"https:\/\/lesheuresheureuses.be\/index.php\/groupe-de-parole\/\"]}]},{\"@type\":\"ImageObject\",\"inLanguage\":\"fr-FR\",\"@id\":\"https:\/\/lesheuresheureuses.be\/index.php\/groupe-de-parole\/#primaryimage\",\"url\":\"http:\/\/lesheuresheureuses.be\/wp-content\/uploads\/2023\/04\/343379224_491657856409683_648142902667094633_n.jpg\",\"contentUrl\":\"http:\/\/lesheuresheureuses.be\/wp-content\/uploads\/2023\/04\/343379224_491657856409683_648142902667094633_n.jpg\"},{\"@type\":\"BreadcrumbList\",\"@id\":\"https:\/\/lesheuresheureuses.be\/index.php\/groupe-de-parole\/#breadcrumb\",\"itemListElement\":[{\"@type\":\"ListItem\",\"position\":1,\"name\":\"Accueil\",\"item\":\"https:\/\/lesheuresheureuses.be\/\"},{\"@type\":\"ListItem\",\"position\":2,\"name\":\"Groupe de parole\"}]},{\"@type\":\"WebSite\",\"@id\":\"https:\/\/lesheuresheureuses.be\/#website\",\"url\":\"https:\/\/lesheuresheureuses.be\/\",\"name\":\"Les heures heureuses\",\"description\":\"\",\"publisher\":{\"@id\":\"https:\/\/lesheuresheureuses.be\/#organization\"},\"potentialAction\":[{\"@type\":\"SearchAction\",\"target\":{\"@type\":\"EntryPoint\",\"urlTemplate\":\"https:\/\/lesheuresheureuses.be\/?s={search_term_string}\"},\"query-input\":{\"@type\":\"PropertyValueSpecification\",\"valueRequired\":true,\"valueName\":\"search_term_string\"}}],\"inLanguage\":\"fr-FR\"},{\"@type\":\"Organization\",\"@id\":\"https:\/\/lesheuresheureuses.be\/#organization\",\"name\":\"Les heures heureuses\",\"url\":\"https:\/\/lesheuresheureuses.be\/\",\"logo\":{\"@type\":\"ImageObject\",\"inLanguage\":\"fr-FR\",\"@id\":\"https:\/\/lesheuresheureuses.be\/#\/schema\/logo\/image\/\",\"url\":\"https:\/\/lesheuresheureuses.be\/wp-content\/uploads\/2023\/03\/Logo-HH.jpeg\",\"contentUrl\":\"https:\/\/lesheuresheureuses.be\/wp-content\/uploads\/2023\/03\/Logo-HH.jpeg\",\"width\":674,\"height\":641,\"caption\":\"Les heures heureuses\"},\"image\":{\"@id\":\"https:\/\/lesheuresheureuses.be\/#\/schema\/logo\/image\/\"}}]}<\/script>\n<!-- \/ Yoast SEO plugin. -->","yoast_head_json":{"title":"Groupe de parole | Centre d'accueil de jour situ\u00e9 \u00e0 Ath","description":"L\u2019objectif principal de notre groupe de parole est de fournir une \u00e9ducation, une information, une formation, ...","robots":{"index":"index","follow":"follow","max-snippet":"max-snippet:-1","max-image-preview":"max-image-preview:large","max-video-preview":"max-video-preview:-1"},"canonical":"https:\/\/lesheuresheureuses.be\/index.php\/groupe-de-parole\/","og_locale":"fr_FR","og_type":"article","og_title":"Groupe de parole | Centre d'accueil de jour situ\u00e9 \u00e0 Ath","og_description":"L\u2019objectif principal de notre groupe de parole est de fournir une \u00e9ducation, une information, une formation, ...","og_url":"https:\/\/lesheuresheureuses.be\/index.php\/groupe-de-parole\/","og_site_name":"Les heures heureuses","article_modified_time":"2023-05-30T16:08:36+00:00","og_image":[{"url":"http:\/\/lesheuresheureuses.be\/wp-content\/uploads\/2023\/04\/343379224_491657856409683_648142902667094633_n.jpg"}],"twitter_card":"summary_large_image","twitter_misc":{"Dur\u00e9e de lecture estim\u00e9e":"2 minutes"},"schema":{"@context":"https:\/\/schema.org","@graph":[{"@type":"WebPage","@id":"https:\/\/lesheuresheureuses.be\/index.php\/groupe-de-parole\/","url":"https:\/\/lesheuresheureuses.be\/index.php\/groupe-de-parole\/","name":"Groupe de parole | Centre d'accueil de jour situ\u00e9 \u00e0 Ath","isPartOf":{"@id":"https:\/\/lesheuresheureuses.be\/#website"},"primaryImageOfPage":{"@id":"https:\/\/lesheuresheureuses.be\/index.php\/groupe-de-parole\/#primaryimage"},"image":{"@id":"https:\/\/lesheuresheureuses.be\/index.php\/groupe-de-parole\/#primaryimage"},"thumbnailUrl":"http:\/\/lesheuresheureuses.be\/wp-content\/uploads\/2023\/04\/343379224_491657856409683_648142902667094633_n.jpg","datePublished":"2023-03-27T14:09:32+00:00","dateModified":"2023-05-30T16:08:36+00:00","description":"L\u2019objectif principal de notre groupe de parole est de fournir une \u00e9ducation, une information, une formation, ...","breadcrumb":{"@id":"https:\/\/lesheuresheureuses.be\/index.php\/groupe-de-parole\/#breadcrumb"},"inLanguage":"fr-FR","potentialAction":[{"@type":"ReadAction","target":["https:\/\/lesheuresheureuses.be\/index.php\/groupe-de-parole\/"]}]},{"@type":"ImageObject","inLanguage":"fr-FR","@id":"https:\/\/lesheuresheureuses.be\/index.php\/groupe-de-parole\/#primaryimage","url":"http:\/\/lesheuresheureuses.be\/wp-content\/uploads\/2023\/04\/343379224_491657856409683_648142902667094633_n.jpg","contentUrl":"http:\/\/lesheuresheureuses.be\/wp-content\/uploads\/2023\/04\/343379224_491657856409683_648142902667094633_n.jpg"},{"@type":"BreadcrumbList","@id":"https:\/\/lesheuresheureuses.be\/index.php\/groupe-de-parole\/#breadcrumb","itemListElement":[{"@type":"ListItem","position":1,"name":"Accueil","item":"https:\/\/lesheuresheureuses.be\/"},{"@type":"ListItem","position":2,"name":"Groupe de parole"}]},{"@type":"WebSite","@id":"https:\/\/lesheuresheureuses.be\/#website","url":"https:\/\/lesheuresheureuses.be\/","name":"Les heures heureuses","description":"","publisher":{"@id":"https:\/\/lesheuresheureuses.be\/#organization"},"potentialAction":[{"@type":"SearchAction","target":{"@type":"EntryPoint","urlTemplate":"https:\/\/lesheuresheureuses.be\/?s={search_term_string}"},"query-input":{"@type":"PropertyValueSpecification","valueRequired":true,"valueName":"search_term_string"}}],"inLanguage":"fr-FR"},{"@type":"Organization","@id":"https:\/\/lesheuresheureuses.be\/#organization","name":"Les heures heureuses","url":"https:\/\/lesheuresheureuses.be\/","logo":{"@type":"ImageObject","inLanguage":"fr-FR","@id":"https:\/\/lesheuresheureuses.be\/#\/schema\/logo\/image\/","url":"https:\/\/lesheuresheureuses.be\/wp-content\/uploads\/2023\/03\/Logo-HH.jpeg","contentUrl":"https:\/\/lesheuresheureuses.be\/wp-content\/uploads\/2023\/03\/Logo-HH.jpeg","width":674,"height":641,"caption":"Les heures heureuses"},"image":{"@id":"https:\/\/lesheuresheureuses.be\/#\/schema\/logo\/image\/"}}]}},"_links":{"self":[{"href":"https:\/\/lesheuresheureuses.be\/index.php\/wp-json\/wp\/v2\/pages\/523","targetHints":{"allow":["GET"]}}],"collection":[{"href":"https:\/\/lesheuresheureuses.be\/index.php\/wp-json\/wp\/v2\/pages"}],"about":[{"href":"https:\/\/lesheuresheureuses.be\/index.php\/wp-json\/wp\/v2\/types\/page"}],"author":[{"embeddable":true,"href":"https:\/\/lesheuresheureuses.be\/index.php\/wp-json\/wp\/v2\/users\/2"}],"replies":[{"embeddable":true,"href":"https:\/\/lesheuresheureuses.be\/index.php\/wp-json\/wp\/v2\/comments?post=523"}],"version-history":[{"count":26,"href":"https:\/\/lesheuresheureuses.be\/index.php\/wp-json\/wp\/v2\/pages\/523\/revisions"}],"predecessor-version":[{"id":1139,"href":"https:\/\/lesheuresheureuses.be\/index.php\/wp-json\/wp\/v2\/pages\/523\/revisions\/1139"}],"wp:attachment":[{"href":"https:\/\/lesheuresheureuses.be\/index.php\/wp-json\/wp\/v2\/media?parent=523"}],"curies":[{"name":"wp","href":"https:\/\/api.w.org\/{rel}","templated":true}]}}